{"id":109,"date":"2023-12-04T03:50:20","date_gmt":"2023-12-04T03:50:20","guid":{"rendered":"https:\/\/www.gmall.com.co\/local\/distribucionesr\/?post_type=product&#038;p=109"},"modified":"2025-05-13T17:49:56","modified_gmt":"2025-05-13T22:49:56","slug":"producto-2","status":"publish","type":"product","link":"https:\/\/www.gmall.com.co\/local\/distribucionesr\/producto\/producto-2\/","title":{"rendered":"Pasabocas La Especial Mezcla Mix Arandanos 180gr"},"content":{"rendered":"<p>La Especial Mezcla Mix Arandanos son una deliciosa mezcla de man\u00ed con sal, ma\u00edz tostado, man\u00ed confitado, almendras y ar\u00e1ndanos. Pa\u00eds: Colombia<\/p>\n<div class=\"qrcprowrapper\" style=\"text-align:center;\" id=\"qrcwraaerfileds\"><div class=\"qrc_qrcode\"  id=\"qrcwraaerfileds_109\" style=\"display:inline-block\" data-text=\"https:\/\/www.gmall.com.co\/local\/distribucionesr\/producto\/producto-2\/\"><\/div><\/div>","protected":false},"excerpt":{"rendered":"<p>La Especial Mezcla Mix Arandanos 180gr<\/p>\n","protected":false},"featured_media":594,"template":"","meta":{"site-sidebar-layout":"default","site-content-layout":"","ast-site-content-layout":"default","site-content-style":"default","site-sidebar-style":"default","ast-global-header-display":"","ast-banner-title-visibility":"","ast-main-header-display":"","ast-hfb-above-header-display":"","ast-hfb-below-header-display":"","ast-hfb-mobile-header-display":"","site-post-title":"","ast-breadcrumbs-content":"","ast-featured-img":"","footer-sml-layout":"","theme-transparent-header-meta":"default","adv-header-id-meta":"","stick-header-meta":"","header-above-stick-meta":"","header-main-stick-meta":"","header-below-stick-meta":"","astra-migrate-meta-layouts":"set","ast-page-background-enabled":"default","ast-page-background-meta":{"desktop":{"background-color":"var(--ast-global-color-4)","background-image":"","background-repeat":"repeat","background-position":"center center","background-size":"auto","background-attachment":"scroll","background-type":"","background-media":"","overlay-type":"","overlay-color":"","overlay-gradient":""},"tablet":{"background-color":"","background-image":"","background-repeat":"repeat","background-position":"center center","background-size":"auto","background-attachment":"scroll","background-type":"","background-media":"","overlay-type":"","overlay-color":"","overlay-gradient":""},"mobile":{"background-color":"","background-image":"","background-repeat":"repeat","background-position":"center center","background-size":"auto","background-attachment":"scroll","background-type":"","background-media":"","overlay-type":"","overlay-color":"","overlay-gradient":""}},"ast-content-background-meta":{"desktop":{"background-color":"var(--ast-global-color-5)","background-image":"","background-repeat":"repeat","background-position":"center center","background-size":"auto","background-attachment":"scroll","background-type":"","background-media":"","overlay-type":"","overlay-color":"","overlay-gradient":""},"tablet":{"background-color":"var(--ast-global-color-5)","background-image":"","background-repeat":"repeat","background-position":"center center","background-size":"auto","background-attachment":"scroll","background-type":"","background-media":"","overlay-type":"","overlay-color":"","overlay-gradient":""},"mobile":{"background-color":"var(--ast-global-color-5)","background-image":"","background-repeat":"repeat","background-position":"center center","background-size":"auto","background-attachment":"scroll","background-type":"","background-media":"","overlay-type":"","overlay-color":"","overlay-gradient":""}}},"product_cat":[33],"product_tag":[],"_links":{"self":[{"href":"https:\/\/www.gmall.com.co\/local\/distribucionesr\/wp-json\/wp\/v2\/product\/109"}],"collection":[{"href":"https:\/\/www.gmall.com.co\/local\/distribucionesr\/wp-json\/wp\/v2\/product"}],"about":[{"href":"https:\/\/www.gmall.com.co\/local\/distribucionesr\/wp-json\/wp\/v2\/types\/product"}],"wp:featuredmedia":[{"embeddable":true,"href":"https:\/\/www.gmall.com.co\/local\/distribucionesr\/wp-json\/wp\/v2\/media\/594"}],"wp:attachment":[{"href":"https:\/\/www.gmall.com.co\/local\/distribucionesr\/wp-json\/wp\/v2\/media?parent=109"}],"wp:term":[{"taxonomy":"product_cat","embeddable":true,"href":"https:\/\/www.gmall.com.co\/local\/distribucionesr\/wp-json\/wp\/v2\/product_cat?post=109"},{"taxonomy":"product_tag","embeddable":true,"href":"https:\/\/www.gmall.com.co\/local\/distribucionesr\/wp-json\/wp\/v2\/product_tag?post=109"}],"curies":[{"name":"wp","href":"https:\/\/api.w.org\/{rel}","templated":true}]}}