{"id":110,"date":"2023-12-04T03:53:33","date_gmt":"2023-12-04T03:53:33","guid":{"rendered":"https:\/\/www.gmall.com.co\/local\/distribucionesr\/?post_type=product&#038;p=110"},"modified":"2025-04-22T16:59:40","modified_gmt":"2025-04-22T21:59:40","slug":"producto-3","status":"publish","type":"product","link":"https:\/\/www.gmall.com.co\/local\/distribucionesr\/producto\/producto-3\/","title":{"rendered":"Cerveza aguila 330 x 6"},"content":{"rendered":"<p>La cerveza Aguila Original viene en lata por six pack. Es una Lager de color dorado elaborada con malta, jarabe de ma\u00edz, l\u00fapulos y az\u00facar. Tiene un cuerpo suave. Pa\u00eds: Colombia.<\/p>\n<div class=\"qrcprowrapper\" style=\"text-align:center;\" id=\"qrcwraaerfileds\"><div class=\"qrc_qrcode\"  id=\"qrcwraaerfileds_110\" style=\"display:inline-block\" data-text=\"https:\/\/www.gmall.com.co\/local\/distribucionesr\/producto\/producto-3\/\"><\/div><\/div>","protected":false},"excerpt":{"rendered":"<p>La cerveza Aguila Original viene en lata por six pack.<\/p>\n","protected":false},"featured_media":590,"template":"","meta":{"site-sidebar-layout":"default","site-content-layout":"","ast-site-content-layout":"default","site-content-style":"default","site-sidebar-style":"default","ast-global-header-display":"","ast-banner-title-visibility":"","ast-main-header-display":"","ast-hfb-above-header-display":"","ast-hfb-below-header-display":"","ast-hfb-mobile-header-display":"","site-post-title":"","ast-breadcrumbs-content":"","ast-featured-img":"","footer-sml-layout":"","theme-transparent-header-meta":"default","adv-header-id-meta":"","stick-header-meta":"","header-above-stick-meta":"","header-main-stick-meta":"","header-below-stick-meta":"","astra-migrate-meta-layouts":"set","ast-page-background-enabled":"default","ast-page-background-meta":{"desktop":{"background-color":"var(--ast-global-color-4)","background-image":"","background-repeat":"repeat","background-position":"center center","background-size":"auto","background-attachment":"scroll","background-type":"","background-media":"","overlay-type":"","overlay-color":"","overlay-gradient":""},"tablet":{"background-color":"","background-image":"","background-repeat":"repeat","background-position":"center center","background-size":"auto","background-attachment":"scroll","background-type":"","background-media":"","overlay-type":"","overlay-color":"","overlay-gradient":""},"mobile":{"background-color":"","background-image":"","background-repeat":"repeat","background-position":"center center","background-size":"auto","background-attachment":"scroll","background-type":"","background-media":"","overlay-type":"","overlay-color":"","overlay-gradient":""}},"ast-content-background-meta":{"desktop":{"background-color":"var(--ast-global-color-5)","background-image":"","background-repeat":"repeat","background-position":"center center","background-size":"auto","background-attachment":"scroll","background-type":"","background-media":"","overlay-type":"","overlay-color":"","overlay-gradient":""},"tablet":{"background-color":"var(--ast-global-color-5)","background-image":"","background-repeat":"repeat","background-position":"center center","background-size":"auto","background-attachment":"scroll","background-type":"","background-media":"","overlay-type":"","overlay-color":"","overlay-gradient":""},"mobile":{"background-color":"var(--ast-global-color-5)","background-image":"","background-repeat":"repeat","background-position":"center center","background-size":"auto","background-attachment":"scroll","background-type":"","background-media":"","overlay-type":"","overlay-color":"","overlay-gradient":""}}},"product_cat":[30],"product_tag":[],"_links":{"self":[{"href":"https:\/\/www.gmall.com.co\/local\/distribucionesr\/wp-json\/wp\/v2\/product\/110"}],"collection":[{"href":"https:\/\/www.gmall.com.co\/local\/distribucionesr\/wp-json\/wp\/v2\/product"}],"about":[{"href":"https:\/\/www.gmall.com.co\/local\/distribucionesr\/wp-json\/wp\/v2\/types\/product"}],"wp:featuredmedia":[{"embeddable":true,"href":"https:\/\/www.gmall.com.co\/local\/distribucionesr\/wp-json\/wp\/v2\/media\/590"}],"wp:attachment":[{"href":"https:\/\/www.gmall.com.co\/local\/distribucionesr\/wp-json\/wp\/v2\/media?parent=110"}],"wp:term":[{"taxonomy":"product_cat","embeddable":true,"href":"https:\/\/www.gmall.com.co\/local\/distribucionesr\/wp-json\/wp\/v2\/product_cat?post=110"},{"taxonomy":"product_tag","embeddable":true,"href":"https:\/\/www.gmall.com.co\/local\/distribucionesr\/wp-json\/wp\/v2\/product_tag?post=110"}],"curies":[{"name":"wp","href":"https:\/\/api.w.org\/{rel}","templated":true}]}}