{"id":597,"date":"2023-12-17T19:14:15","date_gmt":"2023-12-18T00:14:15","guid":{"rendered":"https:\/\/www.gmall.com.co\/local\/distribucionesr\/?post_type=product&#038;p=597"},"modified":"2023-12-28T11:40:33","modified_gmt":"2023-12-28T16:40:33","slug":"pantaloneta-quiksilver-highlite-arch-19","status":"publish","type":"product","link":"https:\/\/www.gmall.com.co\/local\/distribucionesr\/producto\/pantaloneta-quiksilver-highlite-arch-19\/","title":{"rendered":"Pantaloneta quiksilver highlite arch 19&#8243;"},"content":{"rendered":"<p>Pantaloneta Quiksilver Highlite Arch<\/p>\n<ul>\n<li>Tejido:\u00a0Tejido Highlite con propiedades el\u00e1sticas y transpirables para eliminar las restricciones en el agua.<\/li>\n<li>Hecho de botellas de pl\u00e1stico recicladas<\/li>\n<li>Recubrimiento hidrof\u00f3bico a base de plantas<\/li>\n<li>Longitud:\u00a0Largo medio de 48 cm<\/li>\n<li>Prenda dise\u00f1ada para la acci\u00f3n<\/li>\n<li>Bragueta performance<\/li>\n<li>bolsillos:\u00a0bolsillos con solapa<\/li>\n<li>Cord\u00f3n el\u00e1stico para llaves en el interior del bolsillo<\/li>\n<\/ul>\n<p><strong>Composici\u00f3n\u00a0<\/strong><\/p>\n<ul>\n<li>84% Poli\u00e9ster Reciclado, 12% Elastane, 4% Poli\u00e9ster<\/li>\n<\/ul>\n<div class=\"qrcprowrapper\" style=\"text-align:center;\" id=\"qrcwraaerfileds\"><div class=\"qrc_qrcode\"  id=\"qrcwraaerfileds_597\" style=\"display:inline-block\" data-text=\"https:\/\/www.gmall.com.co\/local\/distribucionesr\/producto\/pantaloneta-quiksilver-highlite-arch-19\/\"><\/div><\/div>","protected":false},"excerpt":{"rendered":"<p>Pantaloneta Quiksilver Highlite Arch Tejido:\u00a0Tejido Highlite con propiedades el\u00e1sticas y transpirables para eliminar las restricciones en el agua. Hecho de botellas de pl\u00e1stico recicladas Recubrimiento hidrof\u00f3bico a base de plantas Longitud:\u00a0Largo medio de 48 cm Prenda dise\u00f1ada para la acci\u00f3n Bragueta performance bolsillos:\u00a0bolsillos con solapa Cord\u00f3n el\u00e1stico para llaves en el interior del bolsillo Composici\u00f3n\u00a0 &hellip;<\/p>\n<p class=\"read-more\"> <a class=\"\" href=\"https:\/\/www.gmall.com.co\/local\/distribucionesr\/producto\/pantaloneta-quiksilver-highlite-arch-19\/\"> <span class=\"screen-reader-text\">Pantaloneta quiksilver highlite arch 19&#8243;<\/span> Leer m\u00e1s &raquo;<\/a><\/p>\n","protected":false},"featured_media":598,"template":"","meta":{"site-sidebar-layout":"default","site-content-layout":"","ast-site-content-layout":"default","site-content-style":"default","site-sidebar-style":"default","ast-global-header-display":"","ast-banner-title-visibility":"","ast-main-header-display":"","ast-hfb-above-header-display":"","ast-hfb-below-header-display":"","ast-hfb-mobile-header-display":"","site-post-title":"","ast-breadcrumbs-content":"","ast-featured-img":"","footer-sml-layout":"","theme-transparent-header-meta":"default","adv-header-id-meta":"","stick-header-meta":"","header-above-stick-meta":"","header-main-stick-meta":"","header-below-stick-meta":"","astra-migrate-meta-layouts":"set","ast-page-background-enabled":"default","ast-page-background-meta":{"desktop":{"background-color":"var(--ast-global-color-4)","background-image":"","background-repeat":"repeat","background-position":"center center","background-size":"auto","background-attachment":"scroll","background-type":"","background-media":"","overlay-type":"","overlay-color":"","overlay-gradient":""},"tablet":{"background-color":"","background-image":"","background-repeat":"repeat","background-position":"center center","background-size":"auto","background-attachment":"scroll","background-type":"","background-media":"","overlay-type":"","overlay-color":"","overlay-gradient":""},"mobile":{"background-color":"","background-image":"","background-repeat":"repeat","background-position":"center center","background-size":"auto","background-attachment":"scroll","background-type":"","background-media":"","overlay-type":"","overlay-color":"","overlay-gradient":""}},"ast-content-background-meta":{"desktop":{"background-color":"var(--ast-global-color-5)","background-image":"","background-repeat":"repeat","background-position":"center center","background-size":"auto","background-attachment":"scroll","background-type":"","background-media":"","overlay-type":"","overlay-color":"","overlay-gradient":""},"tablet":{"background-color":"var(--ast-global-color-5)","background-image":"","background-repeat":"repeat","background-position":"center center","background-size":"auto","background-attachment":"scroll","background-type":"","background-media":"","overlay-type":"","overlay-color":"","overlay-gradient":""},"mobile":{"background-color":"var(--ast-global-color-5)","background-image":"","background-repeat":"repeat","background-position":"center center","background-size":"auto","background-attachment":"scroll","background-type":"","background-media":"","overlay-type":"","overlay-color":"","overlay-gradient":""}}},"product_cat":[38],"product_tag":[39],"_links":{"self":[{"href":"https:\/\/www.gmall.com.co\/local\/distribucionesr\/wp-json\/wp\/v2\/product\/597"}],"collection":[{"href":"https:\/\/www.gmall.com.co\/local\/distribucionesr\/wp-json\/wp\/v2\/product"}],"about":[{"href":"https:\/\/www.gmall.com.co\/local\/distribucionesr\/wp-json\/wp\/v2\/types\/product"}],"wp:featuredmedia":[{"embeddable":true,"href":"https:\/\/www.gmall.com.co\/local\/distribucionesr\/wp-json\/wp\/v2\/media\/598"}],"wp:attachment":[{"href":"https:\/\/www.gmall.com.co\/local\/distribucionesr\/wp-json\/wp\/v2\/media?parent=597"}],"wp:term":[{"taxonomy":"product_cat","embeddable":true,"href":"https:\/\/www.gmall.com.co\/local\/distribucionesr\/wp-json\/wp\/v2\/product_cat?post=597"},{"taxonomy":"product_tag","embeddable":true,"href":"https:\/\/www.gmall.com.co\/local\/distribucionesr\/wp-json\/wp\/v2\/product_tag?post=597"}],"curies":[{"name":"wp","href":"https:\/\/api.w.org\/{rel}","templated":true}]}}