{"id":605,"date":"2023-12-17T19:25:22","date_gmt":"2023-12-18T00:25:22","guid":{"rendered":"https:\/\/www.gmall.com.co\/local\/distribucionesr\/?post_type=product&#038;p=605"},"modified":"2025-05-13T17:49:56","modified_gmt":"2025-05-13T22:49:56","slug":"reloj-inteligente-mobulaa-modelo-sk22-smartwatch","status":"publish","type":"product","link":"https:\/\/www.gmall.com.co\/local\/distribucionesr\/producto\/reloj-inteligente-mobulaa-modelo-sk22-smartwatch\/","title":{"rendered":"Reloj inteligente mobulaa modelo sk22 smartwatch"},"content":{"rendered":"<p>Esencia deportiva y estilo de negocios compatible, caja de aleaci\u00f3n estrictamente seleccionada m\u00e1s dura y resistente al desgaste. Pantalla de alta definici\u00f3n HD completa amplia gama de colores, calidad de imagen clara, apariencia novedosa rica en tecnolog\u00eda, exquisito espejo de cristal de zafiro, resistente a los ara\u00f1azos, al desgaste, resistente, protecci\u00f3n \u00edntima, pantalla de alta definici\u00f3n a nivel de retina, que le brinda una m\u00e1s impresionante experiencia visual. Marcaci\u00f3n de tel\u00e9fono bluetooth llamadas notificaciones de redes sociales IOS y Android Caja reemplazable Carga magnetica inalambrica Doble pulso Doble caja Bater\u00eda: 300 Mah Resoluci\u00f3n: 360 * 360 Pantalla tama\u00f1o: 1,43 pulgadas asistente de voz Contactos frecuentes: Los contactos del tel\u00e9fono m\u00f3vil se pueden sincronizar Registro de llamadas: Puede sincronizar los registros de llamadas del tel\u00e9fono m\u00f3vil Monitoreo de sue\u00f1o Monitoreo de la frecuencia cardiaca Monitoreo de la presi\u00f3n arterial Monitoreo del oxigeno en la sangre Monitoreo del ritmo cardiaco Puede controlar los datos de su deporte Puede ver el n\u00famero de pasos dados durante el d\u00eda Puede controlar la reproducci\u00f3n de m\u00fasica en el tel\u00e9fono Calculadora Despertador Diagnostico del clima Temporizador IP68 prueba al agua<\/p>\n<div class=\"qrcprowrapper\" style=\"text-align:center;\" id=\"qrcwraaerfileds\"><div class=\"qrc_qrcode\"  id=\"qrcwraaerfileds_605\" style=\"display:inline-block\" data-text=\"https:\/\/www.gmall.com.co\/local\/distribucionesr\/producto\/reloj-inteligente-mobulaa-modelo-sk22-smartwatch\/\"><\/div><\/div>","protected":false},"excerpt":{"rendered":"<p>Reloj inteligente Mobulaa Modelo SK22 Smartwatch<\/p>\n","protected":false},"featured_media":606,"template":"","meta":{"site-sidebar-layout":"default","site-content-layout":"","ast-site-content-layout":"default","site-content-style":"default","site-sidebar-style":"default","ast-global-header-display":"","ast-banner-title-visibility":"","ast-main-header-display":"","ast-hfb-above-header-display":"","ast-hfb-below-header-display":"","ast-hfb-mobile-header-display":"","site-post-title":"","ast-breadcrumbs-content":"","ast-featured-img":"","footer-sml-layout":"","theme-transparent-header-meta":"default","adv-header-id-meta":"","stick-header-meta":"","header-above-stick-meta":"","header-main-stick-meta":"","header-below-stick-meta":"","astra-migrate-meta-layouts":"set","ast-page-background-enabled":"default","ast-page-background-meta":{"desktop":{"background-color":"var(--ast-global-color-4)","background-image":"","background-repeat":"repeat","background-position":"center center","background-size":"auto","background-attachment":"scroll","background-type":"","background-media":"","overlay-type":"","overlay-color":"","overlay-gradient":""},"tablet":{"background-color":"","background-image":"","background-repeat":"repeat","background-position":"center center","background-size":"auto","background-attachment":"scroll","background-type":"","background-media":"","overlay-type":"","overlay-color":"","overlay-gradient":""},"mobile":{"background-color":"","background-image":"","background-repeat":"repeat","background-position":"center center","background-size":"auto","background-attachment":"scroll","background-type":"","background-media":"","overlay-type":"","overlay-color":"","overlay-gradient":""}},"ast-content-background-meta":{"desktop":{"background-color":"var(--ast-global-color-5)","background-image":"","background-repeat":"repeat","background-position":"center center","background-size":"auto","background-attachment":"scroll","background-type":"","background-media":"","overlay-type":"","overlay-color":"","overlay-gradient":""},"tablet":{"background-color":"var(--ast-global-color-5)","background-image":"","background-repeat":"repeat","background-position":"center center","background-size":"auto","background-attachment":"scroll","background-type":"","background-media":"","overlay-type":"","overlay-color":"","overlay-gradient":""},"mobile":{"background-color":"var(--ast-global-color-5)","background-image":"","background-repeat":"repeat","background-position":"center center","background-size":"auto","background-attachment":"scroll","background-type":"","background-media":"","overlay-type":"","overlay-color":"","overlay-gradient":""}}},"product_cat":[38],"product_tag":[39],"_links":{"self":[{"href":"https:\/\/www.gmall.com.co\/local\/distribucionesr\/wp-json\/wp\/v2\/product\/605"}],"collection":[{"href":"https:\/\/www.gmall.com.co\/local\/distribucionesr\/wp-json\/wp\/v2\/product"}],"about":[{"href":"https:\/\/www.gmall.com.co\/local\/distribucionesr\/wp-json\/wp\/v2\/types\/product"}],"wp:featuredmedia":[{"embeddable":true,"href":"https:\/\/www.gmall.com.co\/local\/distribucionesr\/wp-json\/wp\/v2\/media\/606"}],"wp:attachment":[{"href":"https:\/\/www.gmall.com.co\/local\/distribucionesr\/wp-json\/wp\/v2\/media?parent=605"}],"wp:term":[{"taxonomy":"product_cat","embeddable":true,"href":"https:\/\/www.gmall.com.co\/local\/distribucionesr\/wp-json\/wp\/v2\/product_cat?post=605"},{"taxonomy":"product_tag","embeddable":true,"href":"https:\/\/www.gmall.com.co\/local\/distribucionesr\/wp-json\/wp\/v2\/product_tag?post=605"}],"curies":[{"name":"wp","href":"https:\/\/api.w.org\/{rel}","templated":true}]}}