{"id":612,"date":"2023-12-17T19:54:40","date_gmt":"2023-12-18T00:54:40","guid":{"rendered":"https:\/\/www.gmall.com.co\/local\/distribucionesr\/?post_type=product&#038;p=612"},"modified":"2026-02-13T20:47:47","modified_gmt":"2026-02-14T01:47:47","slug":"baileys-original-crema-de-whisky-irlandesa","status":"publish","type":"product","link":"https:\/\/www.gmall.com.co\/local\/distribucionesr\/producto\/baileys-original-crema-de-whisky-irlandesa\/","title":{"rendered":"Baileys original crema de whisky irlandesa"},"content":{"rendered":"<p>Baileys se destaca por su intenso aroma a chocolate y sabores ricos de crema de leche, cacao y vainilla. Tiene un car\u00e1cter suave y sedoso. Este licor se puede disfrutar solo, con hielo o en c\u00f3cteles. Una forma muy popular de servirlo es con caf\u00e9. Adem\u00e1s, es un excelente aliado en la cocina como ingrediente en postres dulces. Diageo te invita a disfrutar con responsabilidad. El exceso de alcohol es perjudicial para la salud. Proh\u00edbase el expendio de bebidas embriagantes a menores de edad. 40% VOL. ALC.<\/p>\n<div class=\"qrcprowrapper\" style=\"text-align:center;\" id=\"qrcwraaerfileds\"><div class=\"qrc_qrcode\"  id=\"qrcwraaerfileds_612\" style=\"display:inline-block\" data-text=\"https:\/\/www.gmall.com.co\/local\/distribucionesr\/producto\/baileys-original-crema-de-whisky-irlandesa\/\"><\/div><\/div>","protected":false},"excerpt":{"rendered":"<p>Baileys se destaca por su intenso aroma a chocolate y sabores ricos de crema de leche, cacao y vainilla. Tiene un car\u00e1cter suave y sedoso. Este licor se puede disfrutar solo, con hielo o en c\u00f3cteles. Una forma muy popular de servirlo es con caf\u00e9. Adem\u00e1s, es un excelente aliado en la cocina como ingrediente &hellip;<\/p>\n<p class=\"read-more\"> <a class=\"\" href=\"https:\/\/www.gmall.com.co\/local\/distribucionesr\/producto\/baileys-original-crema-de-whisky-irlandesa\/\"> <span class=\"screen-reader-text\">Baileys original crema de whisky irlandesa<\/span> Leer m\u00e1s &raquo;<\/a><\/p>\n","protected":false},"featured_media":613,"template":"","meta":{"site-sidebar-layout":"default","site-content-layout":"","ast-site-content-layout":"default","site-content-style":"default","site-sidebar-style":"default","ast-global-header-display":"","ast-banner-title-visibility":"","ast-main-header-display":"","ast-hfb-above-header-display":"","ast-hfb-below-header-display":"","ast-hfb-mobile-header-display":"","site-post-title":"","ast-breadcrumbs-content":"","ast-featured-img":"","footer-sml-layout":"","theme-transparent-header-meta":"default","adv-header-id-meta":"","stick-header-meta":"","header-above-stick-meta":"","header-main-stick-meta":"","header-below-stick-meta":"","astra-migrate-meta-layouts":"set","ast-page-background-enabled":"default","ast-page-background-meta":{"desktop":{"background-color":"var(--ast-global-color-4)","background-image":"","background-repeat":"repeat","background-position":"center center","background-size":"auto","background-attachment":"scroll","background-type":"","background-media":"","overlay-type":"","overlay-color":"","overlay-gradient":""},"tablet":{"background-color":"","background-image":"","background-repeat":"repeat","background-position":"center center","background-size":"auto","background-attachment":"scroll","background-type":"","background-media":"","overlay-type":"","overlay-color":"","overlay-gradient":""},"mobile":{"background-color":"","background-image":"","background-repeat":"repeat","background-position":"center center","background-size":"auto","background-attachment":"scroll","background-type":"","background-media":"","overlay-type":"","overlay-color":"","overlay-gradient":""}},"ast-content-background-meta":{"desktop":{"background-color":"var(--ast-global-color-5)","background-image":"","background-repeat":"repeat","background-position":"center center","background-size":"auto","background-attachment":"scroll","background-type":"","background-media":"","overlay-type":"","overlay-color":"","overlay-gradient":""},"tablet":{"background-color":"var(--ast-global-color-5)","background-image":"","background-repeat":"repeat","background-position":"center center","background-size":"auto","background-attachment":"scroll","background-type":"","background-media":"","overlay-type":"","overlay-color":"","overlay-gradient":""},"mobile":{"background-color":"var(--ast-global-color-5)","background-image":"","background-repeat":"repeat","background-position":"center center","background-size":"auto","background-attachment":"scroll","background-type":"","background-media":"","overlay-type":"","overlay-color":"","overlay-gradient":""}}},"product_cat":[30],"product_tag":[],"_links":{"self":[{"href":"https:\/\/www.gmall.com.co\/local\/distribucionesr\/wp-json\/wp\/v2\/product\/612"}],"collection":[{"href":"https:\/\/www.gmall.com.co\/local\/distribucionesr\/wp-json\/wp\/v2\/product"}],"about":[{"href":"https:\/\/www.gmall.com.co\/local\/distribucionesr\/wp-json\/wp\/v2\/types\/product"}],"wp:featuredmedia":[{"embeddable":true,"href":"https:\/\/www.gmall.com.co\/local\/distribucionesr\/wp-json\/wp\/v2\/media\/613"}],"wp:attachment":[{"href":"https:\/\/www.gmall.com.co\/local\/distribucionesr\/wp-json\/wp\/v2\/media?parent=612"}],"wp:term":[{"taxonomy":"product_cat","embeddable":true,"href":"https:\/\/www.gmall.com.co\/local\/distribucionesr\/wp-json\/wp\/v2\/product_cat?post=612"},{"taxonomy":"product_tag","embeddable":true,"href":"https:\/\/www.gmall.com.co\/local\/distribucionesr\/wp-json\/wp\/v2\/product_tag?post=612"}],"curies":[{"name":"wp","href":"https:\/\/api.w.org\/{rel}","templated":true}]}}